{"id":963,"date":"2024-12-03T09:54:49","date_gmt":"2024-12-03T08:54:49","guid":{"rendered":"https:\/\/www.solsticestudio.fr\/?page_id=963"},"modified":"2024-12-03T12:08:54","modified_gmt":"2024-12-03T11:08:54","slug":"esprit-des-fleurs","status":"publish","type":"page","link":"https:\/\/www.solsticestudio.fr\/index.php\/esprit-des-fleurs\/","title":{"rendered":"ESPRIT DES FLEURS"},"content":{"rendered":"\n<div class=\"wp-block-uagb-container uagb-block-13e312a0 alignfull uagb-is-root-container\"><div class=\"uagb-container__video-wrap\"><video autoplay loop muted playsinline><source src=\"https:\/\/www.solsticestudio.fr\/wp-content\/uploads\/2024\/12\/Sequence-01.mp4\" type=\"video\/mp4\"\/><\/video><\/div><div class=\"uagb-container-inner-blocks-wrap\">\n<div class=\"wp-block-uagb-advanced-heading uagb-block-fbadedfa\"><div class=\"uagb-heading-text\">***Marque factice pour illustrer le branding, strat\u00e9gie de marque<\/div><\/div>\n\n\n\n<div class=\"wp-block-uagb-image uagb-block-873c6d25 wp-block-uagb-image--layout-default wp-block-uagb-image--effect-static wp-block-uagb-image--align-none\"><figure class=\"wp-block-uagb-image__figure\"><img decoding=\"async\" srcset=\"https:\/\/www.solsticestudio.fr\/wp-content\/uploads\/2024\/12\/logocadre.png ,https:\/\/www.solsticestudio.fr\/wp-content\/uploads\/2024\/12\/logocadre.png 780w, https:\/\/www.solsticestudio.fr\/wp-content\/uploads\/2024\/12\/logocadre.png 360w\" sizes=\"auto, (max-width: 480px) 150px\" src=\"https:\/\/www.solsticestudio.fr\/wp-content\/uploads\/2024\/12\/logocadre.png\" alt=\"\" class=\"uag-image-974\" width=\"988\" height=\"580\" title=\"\" loading=\"lazy\" role=\"presentation\"\/><\/figure><\/div>\n\n\n\n<div class=\"wp-block-uagb-advanced-heading uagb-block-3536d64f\"><div class=\"uagb-heading-text\">Faites \u00e9clore vos \u00e9motions<\/div><\/div>\n<\/div><\/div>\n\n\n\n<div class=\"wp-block-uagb-container uagb-block-e4762b26 alignfull uagb-is-root-container\"><div class=\"uagb-container-inner-blocks-wrap\">\n<div class=\"wp-block-uagb-container uagb-block-2e0161de alignfull uagb-is-root-container\"><div class=\"uagb-container-inner-blocks-wrap\">\n<div class=\"wp-block-uagb-container uagb-block-d535962b\">\n<div class=\"wp-block-uagb-container uagb-block-c2635d8d\">\n<div class=\"wp-block-uagb-separator uagb-block-e8692a54\"><div class=\"wp-block-uagb-separator__inner\" style=\"--my-background-image:\"><\/div><\/div>\n<\/div>\n\n\n\n<div class=\"wp-block-uagb-advanced-heading uagb-block-82085812\"><h2 class=\"uagb-heading-text\">Bonjour ! <\/h2><div class=\"uagb-separator\"><\/div><\/div>\n\n\n\n<div class=\"wp-block-uagb-advanced-heading uagb-block-45c12e28\"><div class=\"uagb-heading-text\">Je suis R\u00e9mi, jeune fleuriste qui s&rsquo;est install\u00e9 dans les Pyr\u00e9n\u00e9es \u00e0 Argel\u00e8s-Gazost, il y a plus de quatre ans.<br>Je r\u00eave de pouvoir <strong>transmettre des \u00e9motions gr\u00e2ce \u00e0 mes cr\u00e9ations florales<\/strong>. Un jour, je d\u00e9cide de me lancer dans cette grande aventure. Du bourgeon \u00e0 la floraison, je rencontre de jeunes producteurs de fleurs, avec de r\u00e9elles valeurs, celle de produire des fleurs sans pesticides, \u00e0 l\u2019engrais naturel et dans les Pyr\u00e9n\u00e9es,<br><br>Cette rencontre me pique, comme la premi\u00e8re rose que je touche et mon r\u00eave se mat\u00e9rialise !<\/div><\/div>\n<\/div>\n\n\n\n<div class=\"wp-block-uagb-container uagb-block-c8986b72\">\n<div class=\"wp-block-uagb-container uagb-block-b97b32e6\">\n<div class=\"wp-block-uagb-container uagb-block-53b16bb5\"><\/div>\n<\/div>\n<\/div>\n<\/div><\/div>\n\n\n\n<div class=\"wp-block-uagb-container uagb-block-6c82f11f\">\n<div class=\"wp-block-group is-layout-constrained wp-block-group-is-layout-constrained\">\n<div class=\"wp-block-uagb-container uagb-block-6a5926d4\">\n<div class=\"wp-block-uagb-separator uagb-block-554de67d\"><div class=\"wp-block-uagb-separator__inner\" style=\"--my-background-image:\"><\/div><\/div>\n<\/div>\n\n\n\n<div class=\"wp-block-uagb-advanced-heading uagb-block-930570c3\"><h1 class=\"uagb-heading-text\">Des valeurs proches de mes clients<\/h1><div class=\"uagb-separator\"><\/div><\/div>\n<\/div>\n<\/div>\n\n\n\n<div data-aos= \"fade-down\" data-aos-duration=\"400\" data-aos-delay=\"0\" data-aos-easing=\"ease\" data-aos-once=\"true\" class=\"wp-block-uagb-container uagb-block-8eddf89b alignwide uagb-is-root-container\">\n<div class=\"wp-block-group is-layout-flex wp-block-group-is-layout-flex\">\n<div class=\"wp-block-uagb-container uagb-block-4efef20a\">\n<div class=\"wp-block-uagb-container uagb-block-2b2eee02\">\n<div class=\"wp-block-uagb-info-box uagb-block-7cfcbb4e uagb-infobox__content-wrap  uagb-infobox-icon-above-title uagb-infobox-image-valign-top\"><div class=\"uagb-ifb-content\"><div class=\"uagb-ifb-title-wrap\"><h1 class=\"uagb-ifb-title\">Authentique<\/h1><\/div><div class=\"uagb-ifb-separator\"><\/div><p class=\"uagb-ifb-desc\">Des fleurs <strong>locales, cultiv\u00e9es sans pesticides<\/strong>, en harmonie avec l\u2019environnement.<\/p><\/div><\/div>\n<\/div>\n<\/div>\n\n\n\n<div class=\"wp-block-uagb-container uagb-block-8fc43c93\">\n<div class=\"wp-block-uagb-container uagb-block-53cbc9dc\">\n<div class=\"wp-block-uagb-info-box uagb-block-92858254 uagb-infobox__content-wrap  uagb-infobox-icon-above-title uagb-infobox-image-valign-top\"><div class=\"uagb-ifb-content\"><div class=\"uagb-ifb-title-wrap\"><h1 class=\"uagb-ifb-title\">\u00e9motionnelle<\/h1><\/div><div class=\"uagb-ifb-separator\"><\/div><p class=\"uagb-ifb-desc\">Chaque bouquet est con\u00e7u pour transmettre <strong>des sentiments uniques<\/strong>.<\/p><\/div><\/div>\n<\/div>\n<\/div>\n\n\n\n<div class=\"wp-block-uagb-container uagb-block-fed5e178\">\n<div class=\"wp-block-uagb-container uagb-block-6c0022b4\">\n<div class=\"wp-block-uagb-info-box uagb-block-ea5aa30e uagb-infobox__content-wrap  uagb-infobox-icon-above-title uagb-infobox-image-valign-top\"><div class=\"uagb-ifb-content\"><div class=\"uagb-ifb-title-wrap\"><h1 class=\"uagb-ifb-title\">moderne<\/h1><\/div><div class=\"uagb-ifb-separator\"><\/div><p class=\"uagb-ifb-desc\">Une marque <strong>fra\u00eeche et engageante<\/strong> qui reste connect\u00e9e aux attentes de ses clients.<\/p><\/div><\/div>\n<\/div>\n<\/div>\n<\/div>\n<\/div>\n\n\n\n<div class=\"wp-block-uagb-container uagb-block-5edccabf\">\n<div class=\"wp-block-group is-layout-constrained wp-block-group-is-layout-constrained\">\n<div class=\"wp-block-uagb-container uagb-block-b373155a\">\n<div class=\"wp-block-uagb-separator uagb-block-f353128a\"><div class=\"wp-block-uagb-separator__inner\" style=\"--my-background-image:\"><\/div><\/div>\n<\/div>\n\n\n\n<div class=\"wp-block-uagb-advanced-heading uagb-block-649dab8d\"><h1 class=\"uagb-heading-text\">Des bouquets personnalis\u00e9s<\/h1><div class=\"uagb-separator\"><\/div><\/div>\n<\/div>\n<\/div>\n\n\n\n<div class=\"wp-block-uagb-container uagb-block-2686a42e alignfull uagb-is-root-container\"><div class=\"uagb-container-inner-blocks-wrap\">\n<div class=\"wp-block-uagb-container uagb-block-65a21a49\">\n<div data-aos= \"fade-down\" data-aos-duration=\"400\" data-aos-delay=\"0\" data-aos-easing=\"ease\" data-aos-once=\"true\" class=\"wp-block-uagb-image aligncenter uagb-block-edb16c1c wp-block-uagb-image--layout-overlay wp-block-uagb-image--effect-zoomin wp-block-uagb-image--align-center\"><figure class=\"wp-block-uagb-image__figure\"><img decoding=\"async\" srcset=\"https:\/\/www.solsticestudio.fr\/wp-content\/uploads\/2024\/12\/pack_nouveau-235x300.png ,https:\/\/www.solsticestudio.fr\/wp-content\/uploads\/2024\/12\/pack_nouveau.png 780w, https:\/\/www.solsticestudio.fr\/wp-content\/uploads\/2024\/12\/pack_nouveau.png 360w\" sizes=\"auto, (max-width: 480px) 150px\" src=\"https:\/\/www.solsticestudio.fr\/wp-content\/uploads\/2024\/12\/pack_nouveau-235x300.png\" alt=\"\" class=\"uag-image-983\" width=\"235\" height=\"300\" title=\"pack_nouveau\" loading=\"lazy\" role=\"img\"\/><div class=\"wp-block-uagb-image--layout-overlay__color-wrapper\"><\/div><div class=\"wp-block-uagb-image--layout-overlay__inner center-center\"><h2 class=\"uagb-image-heading\">S\u00e9lection plume<\/h2><\/div><\/figure><\/div>\n<\/div>\n\n\n\n<div class=\"wp-block-uagb-container uagb-block-b7477327\">\n<div data-aos= \"fade-down\" data-aos-duration=\"400\" data-aos-delay=\"0\" data-aos-easing=\"ease\" data-aos-once=\"true\" class=\"wp-block-uagb-image aligncenter uagb-block-359c94f1 wp-block-uagb-image--layout-overlay wp-block-uagb-image--effect-zoomin wp-block-uagb-image--align-center\"><figure class=\"wp-block-uagb-image__figure\"><img decoding=\"async\" srcset=\"https:\/\/www.solsticestudio.fr\/wp-content\/uploads\/2024\/12\/pack_nouveau-235x300.png ,https:\/\/www.solsticestudio.fr\/wp-content\/uploads\/2024\/12\/pack_nouveau.png 780w, https:\/\/www.solsticestudio.fr\/wp-content\/uploads\/2024\/12\/pack_nouveau.png 360w\" sizes=\"auto, (max-width: 480px) 150px\" src=\"https:\/\/www.solsticestudio.fr\/wp-content\/uploads\/2024\/12\/pack_nouveau-235x300.png\" alt=\"\" class=\"uag-image-983\" width=\"235\" height=\"300\" title=\"pack_nouveau\" loading=\"lazy\" role=\"img\"\/><div class=\"wp-block-uagb-image--layout-overlay__color-wrapper\"><\/div><div class=\"wp-block-uagb-image--layout-overlay__inner center-center\"><h2 class=\"uagb-image-heading\">S\u00e9lection Hiver<\/h2><\/div><\/figure><\/div>\n<\/div>\n\n\n\n<div class=\"wp-block-uagb-container uagb-block-f464c7e9\">\n<div data-aos= \"fade-down\" data-aos-duration=\"400\" data-aos-delay=\"0\" data-aos-easing=\"ease\" data-aos-once=\"true\" class=\"wp-block-uagb-image aligncenter uagb-block-7ed9bcdb wp-block-uagb-image--layout-overlay wp-block-uagb-image--effect-zoomin wp-block-uagb-image--align-center\"><figure class=\"wp-block-uagb-image__figure\"><img decoding=\"async\" srcset=\"https:\/\/www.solsticestudio.fr\/wp-content\/uploads\/2024\/12\/pack_nouveau-235x300.png ,https:\/\/www.solsticestudio.fr\/wp-content\/uploads\/2024\/12\/pack_nouveau.png 780w, https:\/\/www.solsticestudio.fr\/wp-content\/uploads\/2024\/12\/pack_nouveau.png 360w\" sizes=\"auto, (max-width: 480px) 150px\" src=\"https:\/\/www.solsticestudio.fr\/wp-content\/uploads\/2024\/12\/pack_nouveau-235x300.png\" alt=\"\" class=\"uag-image-983\" width=\"235\" height=\"300\" title=\"pack_nouveau\" loading=\"lazy\" role=\"img\"\/><div class=\"wp-block-uagb-image--layout-overlay__color-wrapper\"><\/div><div class=\"wp-block-uagb-image--layout-overlay__inner center-center\"><h2 class=\"uagb-image-heading\">S\u00e9lection Minimalisme<\/h2><\/div><\/figure><\/div>\n<\/div>\n<\/div><\/div>\n\n\n\n<div class=\"wp-block-uagb-container uagb-block-718cf2ad\">\n<div class=\"wp-block-group is-layout-constrained wp-block-group-is-layout-constrained\">\n<div class=\"wp-block-uagb-advanced-heading uagb-block-99931168\"><div class=\"uagb-heading-text\">Voici un exemple de ce qu&rsquo;il est possible de faire, en ayant bien une charte graphique, des id\u00e9es et un peu d&rsquo;imagination.<br>Je vous laisse le brandbook si vous souhaitez vous inspirer !<\/div><\/div>\n\n\n\n<div class=\"wp-block-uagb-container uagb-block-e30bcbfb\">\n<div class=\"wp-block-uagb-separator uagb-block-6f458915\"><div class=\"wp-block-uagb-separator__inner\" style=\"--my-background-image:\"><\/div><\/div>\n<\/div>\n\n\n\n<div class=\"wp-block-uagb-advanced-heading uagb-block-59cb7cd2\"><h1 class=\"uagb-heading-text\">Ensemble du process branding<\/h1><div class=\"uagb-separator\"><\/div><\/div>\n<\/div>\n\n\n\n<div class=\"wp-block-uagb-container uagb-block-f0c598e9\">\n<div data-wp-interactive=\"core\/file\" class=\"wp-block-file aligncenter\"><object data-wp-bind--hidden=\"!state.hasPdfPreview\" hidden class=\"wp-block-file__embed\" data=\"https:\/\/www.solsticestudio.fr\/wp-content\/uploads\/2024\/12\/Brandbook-Esprit-des-fleurs.pdf\" type=\"application\/pdf\" style=\"width:100%;height:245px\" aria-label=\"Contenu embarqu\u00e9 Brandbook Esprit des fleurs.\"><\/object><a id=\"wp-block-file--media-9b803679-e0b1-4ef4-90dd-2d0a0b8b80f5\" href=\"https:\/\/www.solsticestudio.fr\/wp-content\/uploads\/2024\/12\/Brandbook-Esprit-des-fleurs.pdf\" target=\"_blank\" rel=\"noreferrer noopener\">Brandbook Esprit des fleurs<\/a><a href=\"https:\/\/www.solsticestudio.fr\/wp-content\/uploads\/2024\/12\/Brandbook-Esprit-des-fleurs.pdf\" class=\"wp-block-file__button wp-element-button\" download aria-describedby=\"wp-block-file--media-9b803679-e0b1-4ef4-90dd-2d0a0b8b80f5\">T\u00e9l\u00e9charger<\/a><\/div>\n<\/div>\n<\/div>\n<\/div><\/div>\n\n\n\n<div class=\"wp-block-uagb-container uagb-block-805d394c alignfull uagb-is-root-container\"><div class=\"uagb-container-inner-blocks-wrap\">\n<div class=\"wp-block-buttons is-content-justification-center is-layout-flex wp-container-core-buttons-is-layout-a89b3969 wp-block-buttons-is-layout-flex\">\n<div class=\"wp-block-button has-custom-width wp-block-button__width-75 has-custom-font-size has-medium-font-size\"><a class=\"wp-block-button__link has-text-align-center wp-element-button\" href=\"https:\/\/www.solsticestudio.fr\/index.php\/creations-de-lagence-de-communication\/\">VOIR TOUTES LES COLLAB&rsquo;S<\/a><\/div>\n<\/div>\n<\/div><\/div>\n","protected":false},"excerpt":{"rendered":"<p>***Marque factice pour illustrer le branding, strat\u00e9gie de marque Faites \u00e9clore vos \u00e9motions Bonjour ! Je suis R\u00e9mi, jeune fleuriste [&hellip;]<\/p>\n","protected":false},"author":2,"featured_media":0,"parent":0,"menu_order":0,"comment_status":"closed","ping_status":"closed","template":"","meta":{"_uag_custom_page_level_css":"","site-sidebar-layout":"default","site-content-layout":"","ast-site-content-layout":"","site-content-style":"default","site-sidebar-style":"default","ast-global-header-display":"","ast-banner-title-visibility":"","ast-main-header-display":"","ast-hfb-above-header-display":"","ast-hfb-below-header-display":"","ast-hfb-mobile-header-display":"","site-post-title":"disabled","ast-breadcrumbs-content":"","ast-featured-img":"","footer-sml-layout":"","theme-transparent-header-meta":"","adv-header-id-meta":"","stick-header-meta":"","header-above-stick-meta":"","header-main-stick-meta":"","header-below-stick-meta":"","astra-migrate-meta-layouts":"default","ast-page-background-enabled":"default","ast-page-background-meta":{"desktop":{"background-color":"var(--ast-global-color-4)","background-image":"","background-repeat":"repeat","background-position":"center center","background-size":"auto","background-attachment":"scroll","background-type":"","background-media":"","overlay-type":"","overlay-color":"","overlay-opacity":"","overlay-gradient":""},"tablet":{"background-color":"","background-image":"","background-repeat":"repeat","background-position":"center center","background-size":"auto","background-attachment":"scroll","background-type":"","background-media":"","overlay-type":"","overlay-color":"","overlay-opacity":"","overlay-gradient":""},"mobile":{"background-color":"","background-image":"","background-repeat":"repeat","background-position":"center center","background-size":"auto","background-attachment":"scroll","background-type":"","background-media":"","overlay-type":"","overlay-color":"","overlay-opacity":"","overlay-gradient":""}},"ast-content-background-meta":{"desktop":{"background-color":"var(--ast-global-color-5)","background-image":"","background-repeat":"repeat","background-position":"center center","background-size":"auto","background-attachment":"scroll","background-type":"","background-media":"","overlay-type":"","overlay-color":"","overlay-opacity":"","overlay-gradient":""},"tablet":{"background-color":"var(--ast-global-color-5)","background-image":"","background-repeat":"repeat","background-position":"center center","background-size":"auto","background-attachment":"scroll","background-type":"","background-media":"","overlay-type":"","overlay-color":"","overlay-opacity":"","overlay-gradient":""},"mobile":{"background-color":"var(--ast-global-color-5)","background-image":"","background-repeat":"repeat","background-position":"center center","background-size":"auto","background-attachment":"scroll","background-type":"","background-media":"","overlay-type":"","overlay-color":"","overlay-opacity":"","overlay-gradient":""}},"footnotes":""},"class_list":["post-963","page","type-page","status-publish","hentry"],"yoast_head":"<!-- This site is optimized with the Yoast SEO plugin v27.5 - https:\/\/yoast.com\/product\/yoast-seo-wordpress\/ -->\n<title>Esprit des fleurs branding - Solstice Studio<\/title>\n<meta name=\"robots\" content=\"index, follow, max-snippet:-1, max-image-preview:large, max-video-preview:-1\" \/>\n<link rel=\"canonical\" href=\"https:\/\/www.solsticestudio.fr\/index.php\/esprit-des-fleurs\/\" \/>\n<meta property=\"og:locale\" content=\"fr_FR\" \/>\n<meta property=\"og:type\" content=\"article\" \/>\n<meta property=\"og:title\" content=\"Esprit des fleurs branding - Solstice Studio\" \/>\n<meta property=\"og:description\" content=\"***Marque factice pour illustrer le branding, strat\u00e9gie de marque Faites \u00e9clore vos \u00e9motions Bonjour ! Je suis R\u00e9mi, jeune fleuriste [&hellip;]\" \/>\n<meta property=\"og:url\" content=\"https:\/\/www.solsticestudio.fr\/index.php\/esprit-des-fleurs\/\" \/>\n<meta property=\"og:site_name\" content=\"Solstice Studio\" \/>\n<meta property=\"article:modified_time\" content=\"2024-12-03T11:08:54+00:00\" \/>\n<meta property=\"og:image\" content=\"https:\/\/www.solsticestudio.fr\/wp-content\/uploads\/2024\/12\/logocadre.png\" \/>\n<meta name=\"twitter:card\" content=\"summary_large_image\" \/>\n<meta name=\"twitter:label1\" content=\"Dur\u00e9e de lecture estim\u00e9e\" \/>\n\t<meta name=\"twitter:data1\" content=\"2 minutes\" \/>\n<script type=\"application\/ld+json\" class=\"yoast-schema-graph\">{\"@context\":\"https:\\\/\\\/schema.org\",\"@graph\":[{\"@type\":\"WebPage\",\"@id\":\"https:\\\/\\\/www.solsticestudio.fr\\\/index.php\\\/esprit-des-fleurs\\\/\",\"url\":\"https:\\\/\\\/www.solsticestudio.fr\\\/index.php\\\/esprit-des-fleurs\\\/\",\"name\":\"Esprit des fleurs branding - Solstice Studio\",\"isPartOf\":{\"@id\":\"https:\\\/\\\/www.solsticestudio.fr\\\/#website\"},\"primaryImageOfPage\":{\"@id\":\"https:\\\/\\\/www.solsticestudio.fr\\\/index.php\\\/esprit-des-fleurs\\\/#primaryimage\"},\"image\":{\"@id\":\"https:\\\/\\\/www.solsticestudio.fr\\\/index.php\\\/esprit-des-fleurs\\\/#primaryimage\"},\"thumbnailUrl\":\"https:\\\/\\\/www.solsticestudio.fr\\\/wp-content\\\/uploads\\\/2024\\\/12\\\/logocadre.png\",\"datePublished\":\"2024-12-03T08:54:49+00:00\",\"dateModified\":\"2024-12-03T11:08:54+00:00\",\"breadcrumb\":{\"@id\":\"https:\\\/\\\/www.solsticestudio.fr\\\/index.php\\\/esprit-des-fleurs\\\/#breadcrumb\"},\"inLanguage\":\"fr-FR\",\"potentialAction\":[{\"@type\":\"ReadAction\",\"target\":[\"https:\\\/\\\/www.solsticestudio.fr\\\/index.php\\\/esprit-des-fleurs\\\/\"]}]},{\"@type\":\"ImageObject\",\"inLanguage\":\"fr-FR\",\"@id\":\"https:\\\/\\\/www.solsticestudio.fr\\\/index.php\\\/esprit-des-fleurs\\\/#primaryimage\",\"url\":\"https:\\\/\\\/www.solsticestudio.fr\\\/wp-content\\\/uploads\\\/2024\\\/12\\\/logocadre.png\",\"contentUrl\":\"https:\\\/\\\/www.solsticestudio.fr\\\/wp-content\\\/uploads\\\/2024\\\/12\\\/logocadre.png\",\"width\":901,\"height\":556},{\"@type\":\"BreadcrumbList\",\"@id\":\"https:\\\/\\\/www.solsticestudio.fr\\\/index.php\\\/esprit-des-fleurs\\\/#breadcrumb\",\"itemListElement\":[{\"@type\":\"ListItem\",\"position\":1,\"name\":\"Accueil\",\"item\":\"https:\\\/\\\/www.solsticestudio.fr\\\/\"},{\"@type\":\"ListItem\",\"position\":2,\"name\":\"ESPRIT DES FLEURS\"}]},{\"@type\":\"WebSite\",\"@id\":\"https:\\\/\\\/www.solsticestudio.fr\\\/#website\",\"url\":\"https:\\\/\\\/www.solsticestudio.fr\\\/\",\"name\":\"Solstice Studio\",\"description\":\"Mettons de la lumi\u00e8re sur vos id\u00e9es\",\"publisher\":{\"@id\":\"https:\\\/\\\/www.solsticestudio.fr\\\/#organization\"},\"potentialAction\":[{\"@type\":\"SearchAction\",\"target\":{\"@type\":\"EntryPoint\",\"urlTemplate\":\"https:\\\/\\\/www.solsticestudio.fr\\\/?s={search_term_string}\"},\"query-input\":{\"@type\":\"PropertyValueSpecification\",\"valueRequired\":true,\"valueName\":\"search_term_string\"}}],\"inLanguage\":\"fr-FR\"},{\"@type\":\"Organization\",\"@id\":\"https:\\\/\\\/www.solsticestudio.fr\\\/#organization\",\"name\":\"Solstice Studio\",\"url\":\"https:\\\/\\\/www.solsticestudio.fr\\\/\",\"logo\":{\"@type\":\"ImageObject\",\"inLanguage\":\"fr-FR\",\"@id\":\"https:\\\/\\\/www.solsticestudio.fr\\\/#\\\/schema\\\/logo\\\/image\\\/\",\"url\":\"https:\\\/\\\/www.solsticestudio.fr\\\/wp-content\\\/uploads\\\/2024\\\/10\\\/TEST_1.png\",\"contentUrl\":\"https:\\\/\\\/www.solsticestudio.fr\\\/wp-content\\\/uploads\\\/2024\\\/10\\\/TEST_1.png\",\"width\":393,\"height\":462,\"caption\":\"Solstice Studio\"},\"image\":{\"@id\":\"https:\\\/\\\/www.solsticestudio.fr\\\/#\\\/schema\\\/logo\\\/image\\\/\"}}]}<\/script>\n<!-- \/ Yoast SEO plugin. -->","yoast_head_json":{"title":"Esprit des fleurs branding - Solstice Studio","robots":{"index":"index","follow":"follow","max-snippet":"max-snippet:-1","max-image-preview":"max-image-preview:large","max-video-preview":"max-video-preview:-1"},"canonical":"https:\/\/www.solsticestudio.fr\/index.php\/esprit-des-fleurs\/","og_locale":"fr_FR","og_type":"article","og_title":"Esprit des fleurs branding - Solstice Studio","og_description":"***Marque factice pour illustrer le branding, strat\u00e9gie de marque Faites \u00e9clore vos \u00e9motions Bonjour ! Je suis R\u00e9mi, jeune fleuriste [&hellip;]","og_url":"https:\/\/www.solsticestudio.fr\/index.php\/esprit-des-fleurs\/","og_site_name":"Solstice Studio","article_modified_time":"2024-12-03T11:08:54+00:00","og_image":[{"url":"https:\/\/www.solsticestudio.fr\/wp-content\/uploads\/2024\/12\/logocadre.png","type":"","width":"","height":""}],"twitter_card":"summary_large_image","twitter_misc":{"Dur\u00e9e de lecture estim\u00e9e":"2 minutes"},"schema":{"@context":"https:\/\/schema.org","@graph":[{"@type":"WebPage","@id":"https:\/\/www.solsticestudio.fr\/index.php\/esprit-des-fleurs\/","url":"https:\/\/www.solsticestudio.fr\/index.php\/esprit-des-fleurs\/","name":"Esprit des fleurs branding - Solstice Studio","isPartOf":{"@id":"https:\/\/www.solsticestudio.fr\/#website"},"primaryImageOfPage":{"@id":"https:\/\/www.solsticestudio.fr\/index.php\/esprit-des-fleurs\/#primaryimage"},"image":{"@id":"https:\/\/www.solsticestudio.fr\/index.php\/esprit-des-fleurs\/#primaryimage"},"thumbnailUrl":"https:\/\/www.solsticestudio.fr\/wp-content\/uploads\/2024\/12\/logocadre.png","datePublished":"2024-12-03T08:54:49+00:00","dateModified":"2024-12-03T11:08:54+00:00","breadcrumb":{"@id":"https:\/\/www.solsticestudio.fr\/index.php\/esprit-des-fleurs\/#breadcrumb"},"inLanguage":"fr-FR","potentialAction":[{"@type":"ReadAction","target":["https:\/\/www.solsticestudio.fr\/index.php\/esprit-des-fleurs\/"]}]},{"@type":"ImageObject","inLanguage":"fr-FR","@id":"https:\/\/www.solsticestudio.fr\/index.php\/esprit-des-fleurs\/#primaryimage","url":"https:\/\/www.solsticestudio.fr\/wp-content\/uploads\/2024\/12\/logocadre.png","contentUrl":"https:\/\/www.solsticestudio.fr\/wp-content\/uploads\/2024\/12\/logocadre.png","width":901,"height":556},{"@type":"BreadcrumbList","@id":"https:\/\/www.solsticestudio.fr\/index.php\/esprit-des-fleurs\/#breadcrumb","itemListElement":[{"@type":"ListItem","position":1,"name":"Accueil","item":"https:\/\/www.solsticestudio.fr\/"},{"@type":"ListItem","position":2,"name":"ESPRIT DES FLEURS"}]},{"@type":"WebSite","@id":"https:\/\/www.solsticestudio.fr\/#website","url":"https:\/\/www.solsticestudio.fr\/","name":"Solstice Studio","description":"Mettons de la lumi\u00e8re sur vos id\u00e9es","publisher":{"@id":"https:\/\/www.solsticestudio.fr\/#organization"},"potentialAction":[{"@type":"SearchAction","target":{"@type":"EntryPoint","urlTemplate":"https:\/\/www.solsticestudio.fr\/?s={search_term_string}"},"query-input":{"@type":"PropertyValueSpecification","valueRequired":true,"valueName":"search_term_string"}}],"inLanguage":"fr-FR"},{"@type":"Organization","@id":"https:\/\/www.solsticestudio.fr\/#organization","name":"Solstice Studio","url":"https:\/\/www.solsticestudio.fr\/","logo":{"@type":"ImageObject","inLanguage":"fr-FR","@id":"https:\/\/www.solsticestudio.fr\/#\/schema\/logo\/image\/","url":"https:\/\/www.solsticestudio.fr\/wp-content\/uploads\/2024\/10\/TEST_1.png","contentUrl":"https:\/\/www.solsticestudio.fr\/wp-content\/uploads\/2024\/10\/TEST_1.png","width":393,"height":462,"caption":"Solstice Studio"},"image":{"@id":"https:\/\/www.solsticestudio.fr\/#\/schema\/logo\/image\/"}}]}},"uagb_featured_image_src":{"full":false,"thumbnail":false,"medium":false,"medium_large":false,"large":false,"1536x1536":false,"2048x2048":false},"uagb_author_info":{"display_name":"admin","author_link":"https:\/\/www.solsticestudio.fr\/index.php\/author\/admin\/"},"uagb_comment_info":0,"uagb_excerpt":"***Marque factice pour illustrer le branding, strat\u00e9gie de marque Faites \u00e9clore vos \u00e9motions Bonjour ! Je suis R\u00e9mi, jeune fleuriste [&hellip;]","_links":{"self":[{"href":"https:\/\/www.solsticestudio.fr\/index.php\/wp-json\/wp\/v2\/pages\/963","targetHints":{"allow":["GET"]}}],"collection":[{"href":"https:\/\/www.solsticestudio.fr\/index.php\/wp-json\/wp\/v2\/pages"}],"about":[{"href":"https:\/\/www.solsticestudio.fr\/index.php\/wp-json\/wp\/v2\/types\/page"}],"author":[{"embeddable":true,"href":"https:\/\/www.solsticestudio.fr\/index.php\/wp-json\/wp\/v2\/users\/2"}],"replies":[{"embeddable":true,"href":"https:\/\/www.solsticestudio.fr\/index.php\/wp-json\/wp\/v2\/comments?post=963"}],"version-history":[{"count":7,"href":"https:\/\/www.solsticestudio.fr\/index.php\/wp-json\/wp\/v2\/pages\/963\/revisions"}],"predecessor-version":[{"id":1019,"href":"https:\/\/www.solsticestudio.fr\/index.php\/wp-json\/wp\/v2\/pages\/963\/revisions\/1019"}],"wp:attachment":[{"href":"https:\/\/www.solsticestudio.fr\/index.php\/wp-json\/wp\/v2\/media?parent=963"}],"curies":[{"name":"wp","href":"https:\/\/api.w.org\/{rel}","templated":true}]}}