{"id":100,"date":"2024-09-26T07:10:04","date_gmt":"2024-09-26T05:10:04","guid":{"rendered":"http:\/\/remi.raisi-bulle.com\/?page_id=100"},"modified":"2025-04-01T13:13:20","modified_gmt":"2025-04-01T11:13:20","slug":"packs-de-communication","status":"publish","type":"page","link":"https:\/\/www.solsticestudio.fr\/index.php\/packs-de-communication\/","title":{"rendered":"Community Management"},"content":{"rendered":"\n<div class=\"wp-block-uagb-container uagb-block-bd61278c alignfull uagb-is-root-container\"><div class=\"uagb-container__video-wrap\"><video autoplay loop muted playsinline><source src=\"https:\/\/www.solsticestudio.fr\/wp-content\/uploads\/2025\/01\/Couverture_remi.mp4\" type=\"video\/mp4\"\/><\/video><\/div><\/div>\n\n\n\n<div class=\"wp-block-uagb-advanced-heading uagb-block-6572b519\"><h2 class=\"uagb-heading-text\">page en cours\u2026<\/h2><\/div>\n\n\n\n<div class=\"wp-block-uagb-container uagb-block-569ba9f6 alignfull uagb-is-root-container\"><div class=\"uagb-container-inner-blocks-wrap\">\n<div data-aos= \"slide-left\" data-aos-duration=\"400\" data-aos-delay=\"0\" data-aos-easing=\"ease\" data-aos-once=\"true\" class=\"wp-block-uagb-container uagb-block-64c6ca12\">\n<div class=\"wp-block-uagb-advanced-heading uagb-block-18794e1d\"><h5 class=\"uagb-heading-text\">Community management<\/h5><\/div>\n<\/div>\n\n\n\n<div data-aos= \"fade-left\" data-aos-duration=\"400\" data-aos-delay=\"0\" data-aos-easing=\"ease\" data-aos-once=\"true\" class=\"wp-block-uagb-container uagb-block-8450df62\">\n<div class=\"wp-block-uagb-separator uagb-block-528d4f9e\"><div class=\"wp-block-uagb-separator__inner\" style=\"--my-background-image:\"><\/div><\/div>\n<\/div>\n<\/div><\/div>\n\n\n\n<div class=\"wp-block-uagb-container uagb-block-9e2c06f2 alignfull uagb-is-root-container\"><div class=\"uagb-container-inner-blocks-wrap\">\n<div data-aos= \"fade-down\" data-aos-duration=\"400\" data-aos-delay=\"0\" data-aos-easing=\"ease\" data-aos-once=\"true\" class=\"wp-block-uagb-container uagb-block-f319e7bd alignfull uagb-is-root-container\">\n<div class=\"wp-block-uagb-container uagb-block-6c82f11f\">\n<div class=\"wp-block-group is-layout-constrained wp-block-group-is-layout-constrained\">\n<div class=\"wp-block-uagb-container uagb-block-0a9903f1 alignfull uagb-is-root-container\"><div class=\"uagb-container-inner-blocks-wrap\">\n<div class=\"wp-block-uagb-container uagb-block-23d62ceb alignfull uagb-is-root-container\"><div class=\"uagb-container-inner-blocks-wrap\">\n<header class=\"wp-block-uagb-advanced-heading uagb-block-9898fb27\"><div data-aos= \"slide-down\" data-aos-duration=\"400\" data-aos-delay=\"0\" data-aos-easing=\"ease\" data-aos-once=\"true\" class=\"uagb-heading-text\">Les r\u00e9seaux sociaux sont un bon moyen pour d\u00e9velopper un business. Et ce n&rsquo;importe le domaine d&rsquo;activit\u00e9 que vous exercez. En revanche, il est primordial d&rsquo;adopter une bonne strat\u00e9gie. C&rsquo;est l\u00e0 que j&rsquo;interviens en plus de cr\u00e9er des contenus qualitatifs, je monte une strat\u00e9gie efficace et am\u00e9liore votre notori\u00e9t\u00e9 sur les r\u00e9seaux sociaux.<br><\/div><div class=\"uagb-separator\"><\/div><\/header>\n\n\n\n<div class=\"wp-block-uagb-container uagb-block-e7f12c8e\">\n<div class=\"wp-block-uagb-buttons uagb-buttons__outer-wrap uagb-btn__default-btn uagb-btn-tablet__default-btn uagb-btn-mobile__default-btn uagb-block-79d8687c\"><div class=\"uagb-buttons__wrap uagb-buttons-layout-wrap \">\n<div class=\"wp-block-uagb-buttons-child uagb-buttons__outer-wrap uagb-block-529b377c wp-block-button\"><div class=\"uagb-button__wrapper\"><a class=\"uagb-buttons-repeater wp-block-button__link\" aria-label=\"\" href=\"#https:\/\/www.solsticestudio.fr\/index.php\/contact\/\" rel=\"follow noopener\" target=\"_blank\" role=\"button\"><div class=\"uagb-button__link\">Contactez-moi !<\/div><\/a><\/div><\/div>\n<\/div><\/div>\n<\/div>\n<\/div><\/div>\n<\/div><\/div>\n\n\n\n<div class=\"wp-block-uagb-advanced-heading uagb-block-930570c3\"><h1 class=\"uagb-heading-text\">Prise en main de vos r\u00e9seaux sociaux<\/h1><\/div>\n<\/div>\n<\/div>\n\n\n\n<div class=\"wp-block-uagb-container uagb-block-2a1128a3\">\n<div class=\"wp-block-uagb-advanced-heading uagb-block-a5169e79\"><h6 class=\"uagb-heading-text\">\u00c9tape 1 : Le Branding \/ Strat\u00e9gie de Marque<\/h6><\/div>\n<\/div>\n\n\n\n<header class=\"wp-block-uagb-advanced-heading uagb-block-78a8f65f\"><p class=\"uagb-heading-text\">Nous prenons <strong>un temps d&rsquo;\u00e9change <\/strong>afin que je puisse bien cerner <strong>votre entreprise<\/strong>,<strong> vos objectifs<\/strong> et <strong>les \u00e9l\u00e9ments existants<\/strong> (charte graphique et ligne \u00e9ditoriale).<br>Aucun probl\u00e8me si certains \u00e9l\u00e9ments sont manquants ! Je suis l\u00e0 pour vous accompagner et pour <strong>combler les manques ! <\/strong><br>\u00c0 la suite de cet entretien, je viens d\u00e9finir vos territoires d&rsquo;expression, la voix utilis\u00e9e, et j&rsquo;\u00e9labore une strat\u00e9gie.<\/p><\/header>\n\n\n\n<div class=\"wp-block-uagb-container uagb-block-7b693688\">\n<div class=\"wp-block-uagb-advanced-heading uagb-block-5c52268c\"><h6 class=\"uagb-heading-text\">\u00c9tape 2 : La Strat\u00e9gie Marketing<\/h6><\/div>\n<\/div>\n\n\n\n<div class=\"wp-block-uagb-advanced-heading uagb-block-51c113fa\"><p class=\"uagb-heading-text\"><mark style=\"background-color:rgba(0, 0, 0, 0)\" class=\"has-inline-color has-ast-global-color-8-color\"> <\/mark>Cr\u00e9ative et innovante, elle offre un cadre serein afin de partager, conseiller et de cr\u00e9er des visuels refl\u00e9tant les valeurs et les id\u00e9es de ses clients.<br><br><mark style=\"background-color:rgba(0, 0, 0, 0)\" class=\"has-inline-color has-ast-global-color-8-color\"><strong>Solstice Studio<\/strong><\/mark> s\u2019engage \u00e0 accompagner le client dans tout le processus de cr\u00e9ation et cet accompagnement commence au premier rendez-vous ! <\/p><\/div>\n<\/div>\n<\/div><\/div>\n\n\n\n<div class=\"wp-block-uagb-container uagb-block-ee20f18e alignfull uagb-is-root-container\"><div class=\"uagb-container-inner-blocks-wrap\">\n<div class=\"wp-block-uagb-container uagb-block-6f8022e1\">\n<div class=\"wp-block-uagb-separator uagb-block-c51557c6\"><div class=\"wp-block-uagb-separator__inner\" style=\"--my-background-image:\"><\/div><\/div>\n<\/div>\n\n\n\n<div class=\"wp-block-uagb-advanced-heading uagb-block-af0d4e4b\"><h5 class=\"uagb-heading-text\"><strong>\u201cLa communication est l\u2019art de se faire comprendre et de comprendre les autres.\u201d<\/strong><\/h5><\/div>\n\n\n\n<div class=\"wp-block-uagb-container uagb-block-6c296fc3\">\n<div class=\"wp-block-uagb-advanced-heading uagb-block-e75e579d\"><h5 class=\"uagb-heading-text\"><strong> \u2014&nbsp;Dale Carnegie<\/strong>.<\/h5><\/div>\n<\/div>\n<\/div><\/div>\n\n\n\n<div class=\"wp-block-group is-vertical is-layout-flex wp-container-core-group-is-layout-fe9cc265 wp-block-group-is-layout-flex\">\n<div class=\"wp-block-uagb-container uagb-block-91f02e92 alignfull uagb-is-root-container\"><div class=\"uagb-container-inner-blocks-wrap\">\n<div class=\"wp-block-uagb-advanced-heading uagb-block-47e53a97\"><h3 class=\"uagb-heading-text\">D\u00e9couvrez le pack de communication <\/h3><\/div>\n\n\n\n<div class=\"wp-block-uagb-advanced-heading uagb-block-cf91d6f6\"><div class=\"uagb-heading-text\">Le pack de communication permet \u00e0 une entreprise de se vendre \u00e0 l&rsquo;international, ici, c&rsquo;est celui de l&rsquo;office de tourisme de Lourdes.<\/div><\/div>\n<\/div><\/div>\n\n\n\n<div class=\"wp-block-uagb-container uagb-block-8917543a alignfull uagb-is-root-container\"><div class=\"uagb-container-inner-blocks-wrap\">\n<div class=\"wp-block-uagb-image uagb-block-cd2f6f39 wp-block-uagb-image--layout-default wp-block-uagb-image--effect-static wp-block-uagb-image--align-none\"><figure class=\"wp-block-uagb-image__figure\"><img decoding=\"async\" srcset=\"https:\/\/www.solsticestudio.fr\/wp-content\/uploads\/2024\/10\/woman-holding-mock-up-magazine-3-889x1024.png ,https:\/\/www.solsticestudio.fr\/wp-content\/uploads\/2024\/10\/woman-holding-mock-up-magazine-3.png 780w, https:\/\/www.solsticestudio.fr\/wp-content\/uploads\/2024\/10\/woman-holding-mock-up-magazine-3.png 360w\" sizes=\"auto, (max-width: 480px) 150px\" src=\"https:\/\/www.solsticestudio.fr\/wp-content\/uploads\/2024\/10\/woman-holding-mock-up-magazine-3-889x1024.png\" alt=\"\" class=\"uag-image-406\" width=\"293\" height=\"336\" title=\"woman-holding-mock-up-magazine\" loading=\"lazy\" role=\"img\"\/><\/figure><\/div>\n\n\n\n<div class=\"wp-block-uagb-marketing-button uagb-marketing-btn__align-center uagb-marketing-btn__align-text-center uagb-marketing-btn__icon-after uagb-block-a2117d01 wp-block-button\"><a href=\"https:\/\/www.solsticestudio.fr\/index.php\/kit-de-communication\/\" class=\"uagb-marketing-btn__link wp-block-button__link\" target=\"\" rel=\"noopener noreferrer\"><span class=\"uagb-marketing-btn__title\">VOIR LE PACK <\/span><svg xmlns=\"https:\/\/www.w3.org\/2000\/svg\" viewBox=\"0 0 448 512\"><path d=\"M438.6 278.6l-160 160C272.4 444.9 264.2 448 256 448s-16.38-3.125-22.62-9.375c-12.5-12.5-12.5-32.75 0-45.25L338.8 288H32C14.33 288 .0016 273.7 .0016 256S14.33 224 32 224h306.8l-105.4-105.4c-12.5-12.5-12.5-32.75 0-45.25s32.75-12.5 45.25 0l160 160C451.1 245.9 451.1 266.1 438.6 278.6z\"><\/path><\/svg><\/a><\/div>\n<\/div><\/div>\n<\/div>\n\n\n\n<div class=\"wp-block-uagb-container uagb-block-39ceeb45 alignfull uagb-is-root-container\"><div class=\"uagb-container-inner-blocks-wrap\">\n<div class=\"wp-block-uagb-separator uagb-block-5ab84e96\"><div class=\"wp-block-uagb-separator__inner\" style=\"--my-background-image:\"><\/div><\/div>\n\n\n\n<div class=\"wp-block-uagb-container uagb-block-ce611f41 alignwide uagb-is-root-container\">\n<div class=\"wp-block-group is-layout-constrained wp-block-group-is-layout-constrained\">\n<div class=\"wp-block-uagb-advanced-heading uagb-block-811bcd63\"><h2 class=\"uagb-heading-text\">Le blog de l&rsquo;agence de communication<\/h2><div class=\"uagb-separator\"><\/div><\/div>\n<\/div>\n<\/div>\n\n\n\n\t\t\t<div class=\"wp-block-uagb-post-carousel uagb-post-grid  uagb-post__image-position-background uagb-post__image-enabled uagb-block-0a6b4e01     uagb-post__arrow-outside uagb-post__items uagb-post__columns-3 is-carousel uagb-post__columns-tablet-2 uagb-post__columns-mobile-1\" data-total=\"1\" style=\"\">\n\n\t\t\t\t\t\t\t\t\t\t\t\t<article class=\"uagb-post__inner-wrap\">\t\t\t\t\t\t\t\t<h4 class=\"uagb-post__title uagb-post__text\">\n\t\t\t\t<a href=\"https:\/\/www.solsticestudio.fr\/index.php\/2024\/10\/21\/creation-guide-pratique\/\" target=\"_self\" rel=\"bookmark noopener noreferrer\">Qu&rsquo;est-ce qu&rsquo;un bon guide pratique<\/a>\n\t\t\t<\/h4>\n\t\t\t\t\t\t<div class='uagb-post__text uagb-post-grid-byline'>\n\t\t\t\t\t\t\t\t<time datetime=\"2024-10-21T12:47:27+02:00\" class=\"uagb-post__date\">\n\t\t\t\t<span class=\"dashicons-calendar dashicons\"><\/span>\t\t\t\t\t21 octobre 2024\t\t\t\t<\/time>\n\t\t\t\t\t\t\t<span class=\"uagb-post__comment\">\n\t\t\t\t<span class=\"dashicons-admin-comments dashicons\"><\/span>\t\t\t\t\tAucun commentaire\t\t\t\t<\/span>\n\t\t\t\t\t\t<\/div>\n\t\t\t\t\t\t\t<div class='uagb-post__text uagb-post__excerpt'>\n\t\t\t\t\t<p>Le guide pratique Les informations \u00e0 porter de mains La cr\u00e9ation d&rsquo;un guide pratique est&#8230;\t\t\t\t<\/div>\n\t\t\t\t\t\t<div class=\"uagb-post__text uagb-post__cta wp-block-button\">\n\t\t\t\t<a class=\"wp-block-button__link uagb-text-link\" style=\"\" href=\"https:\/\/www.solsticestudio.fr\/index.php\/2024\/10\/21\/creation-guide-pratique\/\" target=\"_self\" rel=\"bookmark noopener noreferrer\">Lire la suite<\/a>\n\t\t\t<\/div>\n\t\t\t\t\t\t<div class='uagb-post__image'>\n\t\t\t\t\t\t\t\t\t<a href=\"https:\/\/www.solsticestudio.fr\/index.php\/2024\/10\/21\/creation-guide-pratique\/\" target=\"_self\" rel=\"bookmark noopener noreferrer\"><img loading=\"lazy\" decoding=\"async\" width=\"1024\" height=\"678\" src=\"https:\/\/www.solsticestudio.fr\/wp-content\/uploads\/2024\/10\/DSC_0132-1024x678.jpg\" class=\"attachment-large size-large\" alt=\"Le guide pratique de l&#039;Office de tourisme , Un zoom sur la qualit\u00e9 de l&#039;int\u00e9rieur du carnet de visites\" srcset=\"https:\/\/www.solsticestudio.fr\/wp-content\/uploads\/2024\/10\/DSC_0132-1024x678.jpg 1024w, https:\/\/www.solsticestudio.fr\/wp-content\/uploads\/2024\/10\/DSC_0132-300x199.jpg 300w, https:\/\/www.solsticestudio.fr\/wp-content\/uploads\/2024\/10\/DSC_0132-768x509.jpg 768w, https:\/\/www.solsticestudio.fr\/wp-content\/uploads\/2024\/10\/DSC_0132-1536x1017.jpg 1536w, https:\/\/www.solsticestudio.fr\/wp-content\/uploads\/2024\/10\/DSC_0132.jpg 2048w\" sizes=\"auto, (max-width: 1024px) 100vw, 1024px\" \/>\t\t\t\t\t<\/a>\n\t\t\t\t\t\t\t\t\t<\/div>\n\t\t\t\n\t\t\t\t\t\t\t\t<a class=\"uagb-post__link-complete-box\" href=\"https:\/\/www.solsticestudio.fr\/index.php\/2024\/10\/21\/creation-guide-pratique\/\" target=\"_self\" rel=\"bookmark noopener noreferrer\"><\/a>\n\t\t\t\t\t\t\t<\/article>\n\t\t\t\t\t\t\t\t\t\t\t<\/div>\n\t\t\t<\/div><\/div>\n","protected":false},"excerpt":{"rendered":"<p>page en cours\u2026 Community management Les r\u00e9seaux sociaux sont un bon moyen pour d\u00e9velopper un business. Et ce n&rsquo;importe le [&hellip;]<\/p>\n","protected":false},"author":2,"featured_media":0,"parent":0,"menu_order":0,"comment_status":"closed","ping_status":"closed","template":"","meta":{"_uag_custom_page_level_css":"","site-sidebar-layout":"default","site-content-layout":"","ast-site-content-layout":"default","site-content-style":"default","site-sidebar-style":"default","ast-global-header-display":"","ast-banner-title-visibility":"","ast-main-header-display":"","ast-hfb-above-header-display":"","ast-hfb-below-header-display":"","ast-hfb-mobile-header-display":"","site-post-title":"disabled","ast-breadcrumbs-content":"","ast-featured-img":"","footer-sml-layout":"","theme-transparent-header-meta":"","adv-header-id-meta":"","stick-header-meta":"","header-above-stick-meta":"","header-main-stick-meta":"","header-below-stick-meta":"","astra-migrate-meta-layouts":"default","ast-page-background-enabled":"default","ast-page-background-meta":{"desktop":{"background-color":"var(--ast-global-color-4)","background-image":"","background-repeat":"repeat","background-position":"center center","background-size":"auto","background-attachment":"scroll","background-type":"","background-media":"","overlay-type":"","overlay-color":"","overlay-opacity":"","overlay-gradient":""},"tablet":{"background-color":"","background-image":"","background-repeat":"repeat","background-position":"center center","background-size":"auto","background-attachment":"scroll","background-type":"","background-media":"","overlay-type":"","overlay-color":"","overlay-opacity":"","overlay-gradient":""},"mobile":{"background-color":"","background-image":"","background-repeat":"repeat","background-position":"center center","background-size":"auto","background-attachment":"scroll","background-type":"","background-media":"","overlay-type":"","overlay-color":"","overlay-opacity":"","overlay-gradient":""}},"ast-content-background-meta":{"desktop":{"background-color":"var(--ast-global-color-5)","background-image":"","background-repeat":"repeat","background-position":"center center","background-size":"auto","background-attachment":"scroll","background-type":"","background-media":"","overlay-type":"","overlay-color":"","overlay-opacity":"","overlay-gradient":""},"tablet":{"background-color":"var(--ast-global-color-5)","background-image":"","background-repeat":"repeat","background-position":"center center","background-size":"auto","background-attachment":"scroll","background-type":"","background-media":"","overlay-type":"","overlay-color":"","overlay-opacity":"","overlay-gradient":""},"mobile":{"background-color":"var(--ast-global-color-5)","background-image":"","background-repeat":"repeat","background-position":"center center","background-size":"auto","background-attachment":"scroll","background-type":"","background-media":"","overlay-type":"","overlay-color":"","overlay-opacity":"","overlay-gradient":""}},"footnotes":""},"class_list":["post-100","page","type-page","status-publish","hentry"],"yoast_head":"<!-- This site is optimized with the Yoast SEO plugin v27.5 - https:\/\/yoast.com\/product\/yoast-seo-wordpress\/ -->\n<title>Packs de communication - Solstice Studio<\/title>\n<meta name=\"description\" content=\"Solstice Studio - Offre l&#039;accessibilit\u00e9 aux entreprises gr\u00e2ce \u00e0 des packs de communication, moins 20% sur l&#039;ensemble des packs avant le 31\/12\" \/>\n<meta name=\"robots\" content=\"index, follow, max-snippet:-1, max-image-preview:large, max-video-preview:-1\" \/>\n<link rel=\"canonical\" href=\"https:\/\/www.solsticestudio.fr\/index.php\/packs-de-communication\/\" \/>\n<meta property=\"og:locale\" content=\"fr_FR\" \/>\n<meta property=\"og:type\" content=\"article\" \/>\n<meta property=\"og:title\" content=\"Packs de communication - Solstice Studio\" \/>\n<meta property=\"og:description\" content=\"Solstice Studio - Offre l&#039;accessibilit\u00e9 aux entreprises gr\u00e2ce \u00e0 des packs de communication, moins 20% sur l&#039;ensemble des packs avant le 31\/12\" \/>\n<meta property=\"og:url\" content=\"https:\/\/www.solsticestudio.fr\/index.php\/packs-de-communication\/\" \/>\n<meta property=\"og:site_name\" content=\"Solstice Studio\" \/>\n<meta property=\"article:modified_time\" content=\"2025-04-01T11:13:20+00:00\" \/>\n<meta property=\"og:image\" content=\"https:\/\/www.solsticestudio.fr\/wp-content\/uploads\/2024\/10\/woman-holding-mock-up-magazine-3-889x1024.png\" \/>\n<meta name=\"twitter:card\" content=\"summary_large_image\" \/>\n<meta name=\"twitter:label1\" content=\"Dur\u00e9e de lecture estim\u00e9e\" \/>\n\t<meta name=\"twitter:data1\" content=\"2 minutes\" \/>\n<script type=\"application\/ld+json\" class=\"yoast-schema-graph\">{\"@context\":\"https:\\\/\\\/schema.org\",\"@graph\":[{\"@type\":\"WebPage\",\"@id\":\"https:\\\/\\\/www.solsticestudio.fr\\\/index.php\\\/packs-de-communication\\\/\",\"url\":\"https:\\\/\\\/www.solsticestudio.fr\\\/index.php\\\/packs-de-communication\\\/\",\"name\":\"Packs de communication - Solstice Studio\",\"isPartOf\":{\"@id\":\"https:\\\/\\\/www.solsticestudio.fr\\\/#website\"},\"primaryImageOfPage\":{\"@id\":\"https:\\\/\\\/www.solsticestudio.fr\\\/index.php\\\/packs-de-communication\\\/#primaryimage\"},\"image\":{\"@id\":\"https:\\\/\\\/www.solsticestudio.fr\\\/index.php\\\/packs-de-communication\\\/#primaryimage\"},\"thumbnailUrl\":\"https:\\\/\\\/www.solsticestudio.fr\\\/wp-content\\\/uploads\\\/2024\\\/10\\\/woman-holding-mock-up-magazine-3-889x1024.png\",\"datePublished\":\"2024-09-26T05:10:04+00:00\",\"dateModified\":\"2025-04-01T11:13:20+00:00\",\"description\":\"Solstice Studio - Offre l'accessibilit\u00e9 aux entreprises gr\u00e2ce \u00e0 des packs de communication, moins 20% sur l'ensemble des packs avant le 31\\\/12\",\"breadcrumb\":{\"@id\":\"https:\\\/\\\/www.solsticestudio.fr\\\/index.php\\\/packs-de-communication\\\/#breadcrumb\"},\"inLanguage\":\"fr-FR\",\"potentialAction\":[{\"@type\":\"ReadAction\",\"target\":[\"https:\\\/\\\/www.solsticestudio.fr\\\/index.php\\\/packs-de-communication\\\/\"]}]},{\"@type\":\"ImageObject\",\"inLanguage\":\"fr-FR\",\"@id\":\"https:\\\/\\\/www.solsticestudio.fr\\\/index.php\\\/packs-de-communication\\\/#primaryimage\",\"url\":\"https:\\\/\\\/www.solsticestudio.fr\\\/wp-content\\\/uploads\\\/2024\\\/10\\\/woman-holding-mock-up-magazine-3.png\",\"contentUrl\":\"https:\\\/\\\/www.solsticestudio.fr\\\/wp-content\\\/uploads\\\/2024\\\/10\\\/woman-holding-mock-up-magazine-3.png\",\"width\":3001,\"height\":3456,\"caption\":\"Brochure d'Inspiration, traduit en polonais.\"},{\"@type\":\"BreadcrumbList\",\"@id\":\"https:\\\/\\\/www.solsticestudio.fr\\\/index.php\\\/packs-de-communication\\\/#breadcrumb\",\"itemListElement\":[{\"@type\":\"ListItem\",\"position\":1,\"name\":\"Accueil\",\"item\":\"https:\\\/\\\/www.solsticestudio.fr\\\/\"},{\"@type\":\"ListItem\",\"position\":2,\"name\":\"Community Management\"}]},{\"@type\":\"WebSite\",\"@id\":\"https:\\\/\\\/www.solsticestudio.fr\\\/#website\",\"url\":\"https:\\\/\\\/www.solsticestudio.fr\\\/\",\"name\":\"Solstice Studio\",\"description\":\"Mettons de la lumi\u00e8re sur vos id\u00e9es\",\"publisher\":{\"@id\":\"https:\\\/\\\/www.solsticestudio.fr\\\/#organization\"},\"potentialAction\":[{\"@type\":\"SearchAction\",\"target\":{\"@type\":\"EntryPoint\",\"urlTemplate\":\"https:\\\/\\\/www.solsticestudio.fr\\\/?s={search_term_string}\"},\"query-input\":{\"@type\":\"PropertyValueSpecification\",\"valueRequired\":true,\"valueName\":\"search_term_string\"}}],\"inLanguage\":\"fr-FR\"},{\"@type\":\"Organization\",\"@id\":\"https:\\\/\\\/www.solsticestudio.fr\\\/#organization\",\"name\":\"Solstice Studio\",\"url\":\"https:\\\/\\\/www.solsticestudio.fr\\\/\",\"logo\":{\"@type\":\"ImageObject\",\"inLanguage\":\"fr-FR\",\"@id\":\"https:\\\/\\\/www.solsticestudio.fr\\\/#\\\/schema\\\/logo\\\/image\\\/\",\"url\":\"https:\\\/\\\/www.solsticestudio.fr\\\/wp-content\\\/uploads\\\/2024\\\/10\\\/TEST_1.png\",\"contentUrl\":\"https:\\\/\\\/www.solsticestudio.fr\\\/wp-content\\\/uploads\\\/2024\\\/10\\\/TEST_1.png\",\"width\":393,\"height\":462,\"caption\":\"Solstice Studio\"},\"image\":{\"@id\":\"https:\\\/\\\/www.solsticestudio.fr\\\/#\\\/schema\\\/logo\\\/image\\\/\"}}]}<\/script>\n<!-- \/ Yoast SEO plugin. -->","yoast_head_json":{"title":"Packs de communication - Solstice Studio","description":"Solstice Studio - Offre l'accessibilit\u00e9 aux entreprises gr\u00e2ce \u00e0 des packs de communication, moins 20% sur l'ensemble des packs avant le 31\/12","robots":{"index":"index","follow":"follow","max-snippet":"max-snippet:-1","max-image-preview":"max-image-preview:large","max-video-preview":"max-video-preview:-1"},"canonical":"https:\/\/www.solsticestudio.fr\/index.php\/packs-de-communication\/","og_locale":"fr_FR","og_type":"article","og_title":"Packs de communication - Solstice Studio","og_description":"Solstice Studio - Offre l'accessibilit\u00e9 aux entreprises gr\u00e2ce \u00e0 des packs de communication, moins 20% sur l'ensemble des packs avant le 31\/12","og_url":"https:\/\/www.solsticestudio.fr\/index.php\/packs-de-communication\/","og_site_name":"Solstice Studio","article_modified_time":"2025-04-01T11:13:20+00:00","og_image":[{"url":"https:\/\/www.solsticestudio.fr\/wp-content\/uploads\/2024\/10\/woman-holding-mock-up-magazine-3-889x1024.png","type":"","width":"","height":""}],"twitter_card":"summary_large_image","twitter_misc":{"Dur\u00e9e de lecture estim\u00e9e":"2 minutes"},"schema":{"@context":"https:\/\/schema.org","@graph":[{"@type":"WebPage","@id":"https:\/\/www.solsticestudio.fr\/index.php\/packs-de-communication\/","url":"https:\/\/www.solsticestudio.fr\/index.php\/packs-de-communication\/","name":"Packs de communication - Solstice Studio","isPartOf":{"@id":"https:\/\/www.solsticestudio.fr\/#website"},"primaryImageOfPage":{"@id":"https:\/\/www.solsticestudio.fr\/index.php\/packs-de-communication\/#primaryimage"},"image":{"@id":"https:\/\/www.solsticestudio.fr\/index.php\/packs-de-communication\/#primaryimage"},"thumbnailUrl":"https:\/\/www.solsticestudio.fr\/wp-content\/uploads\/2024\/10\/woman-holding-mock-up-magazine-3-889x1024.png","datePublished":"2024-09-26T05:10:04+00:00","dateModified":"2025-04-01T11:13:20+00:00","description":"Solstice Studio - Offre l'accessibilit\u00e9 aux entreprises gr\u00e2ce \u00e0 des packs de communication, moins 20% sur l'ensemble des packs avant le 31\/12","breadcrumb":{"@id":"https:\/\/www.solsticestudio.fr\/index.php\/packs-de-communication\/#breadcrumb"},"inLanguage":"fr-FR","potentialAction":[{"@type":"ReadAction","target":["https:\/\/www.solsticestudio.fr\/index.php\/packs-de-communication\/"]}]},{"@type":"ImageObject","inLanguage":"fr-FR","@id":"https:\/\/www.solsticestudio.fr\/index.php\/packs-de-communication\/#primaryimage","url":"https:\/\/www.solsticestudio.fr\/wp-content\/uploads\/2024\/10\/woman-holding-mock-up-magazine-3.png","contentUrl":"https:\/\/www.solsticestudio.fr\/wp-content\/uploads\/2024\/10\/woman-holding-mock-up-magazine-3.png","width":3001,"height":3456,"caption":"Brochure d'Inspiration, traduit en polonais."},{"@type":"BreadcrumbList","@id":"https:\/\/www.solsticestudio.fr\/index.php\/packs-de-communication\/#breadcrumb","itemListElement":[{"@type":"ListItem","position":1,"name":"Accueil","item":"https:\/\/www.solsticestudio.fr\/"},{"@type":"ListItem","position":2,"name":"Community Management"}]},{"@type":"WebSite","@id":"https:\/\/www.solsticestudio.fr\/#website","url":"https:\/\/www.solsticestudio.fr\/","name":"Solstice Studio","description":"Mettons de la lumi\u00e8re sur vos id\u00e9es","publisher":{"@id":"https:\/\/www.solsticestudio.fr\/#organization"},"potentialAction":[{"@type":"SearchAction","target":{"@type":"EntryPoint","urlTemplate":"https:\/\/www.solsticestudio.fr\/?s={search_term_string}"},"query-input":{"@type":"PropertyValueSpecification","valueRequired":true,"valueName":"search_term_string"}}],"inLanguage":"fr-FR"},{"@type":"Organization","@id":"https:\/\/www.solsticestudio.fr\/#organization","name":"Solstice Studio","url":"https:\/\/www.solsticestudio.fr\/","logo":{"@type":"ImageObject","inLanguage":"fr-FR","@id":"https:\/\/www.solsticestudio.fr\/#\/schema\/logo\/image\/","url":"https:\/\/www.solsticestudio.fr\/wp-content\/uploads\/2024\/10\/TEST_1.png","contentUrl":"https:\/\/www.solsticestudio.fr\/wp-content\/uploads\/2024\/10\/TEST_1.png","width":393,"height":462,"caption":"Solstice Studio"},"image":{"@id":"https:\/\/www.solsticestudio.fr\/#\/schema\/logo\/image\/"}}]}},"uagb_featured_image_src":{"full":false,"thumbnail":false,"medium":false,"medium_large":false,"large":false,"1536x1536":false,"2048x2048":false},"uagb_author_info":{"display_name":"admin","author_link":"https:\/\/www.solsticestudio.fr\/index.php\/author\/admin\/"},"uagb_comment_info":0,"uagb_excerpt":"page en cours\u2026 Community management Les r\u00e9seaux sociaux sont un bon moyen pour d\u00e9velopper un business. Et ce n&rsquo;importe le [&hellip;]","_links":{"self":[{"href":"https:\/\/www.solsticestudio.fr\/index.php\/wp-json\/wp\/v2\/pages\/100","targetHints":{"allow":["GET"]}}],"collection":[{"href":"https:\/\/www.solsticestudio.fr\/index.php\/wp-json\/wp\/v2\/pages"}],"about":[{"href":"https:\/\/www.solsticestudio.fr\/index.php\/wp-json\/wp\/v2\/types\/page"}],"author":[{"embeddable":true,"href":"https:\/\/www.solsticestudio.fr\/index.php\/wp-json\/wp\/v2\/users\/2"}],"replies":[{"embeddable":true,"href":"https:\/\/www.solsticestudio.fr\/index.php\/wp-json\/wp\/v2\/comments?post=100"}],"version-history":[{"count":70,"href":"https:\/\/www.solsticestudio.fr\/index.php\/wp-json\/wp\/v2\/pages\/100\/revisions"}],"predecessor-version":[{"id":1181,"href":"https:\/\/www.solsticestudio.fr\/index.php\/wp-json\/wp\/v2\/pages\/100\/revisions\/1181"}],"wp:attachment":[{"href":"https:\/\/www.solsticestudio.fr\/index.php\/wp-json\/wp\/v2\/media?parent=100"}],"curies":[{"name":"wp","href":"https:\/\/api.w.org\/{rel}","templated":true}]}}